{"id":6188,"date":"2021-02-02T12:33:40","date_gmt":"2021-02-02T11:33:40","guid":{"rendered":"https:\/\/www.coteprovence.eu\/frequently-asked-questions\/"},"modified":"2024-01-31T19:31:17","modified_gmt":"2024-01-31T18:31:17","slug":"frequently-asked-questions","status":"publish","type":"page","link":"https:\/\/www.coteprovence.com\/de\/frequently-asked-questions\/","title":{"rendered":"Frequently Asked Questions"},"content":{"rendered":"\t\t<div data-elementor-type=\"wp-page\" data-elementor-id=\"6188\" class=\"elementor elementor-6188 elementor-6114\">\n\t\t\t\t\t\t<section class=\"elementor-section elementor-top-section elementor-element elementor-element-245c1105 elementor-section-content-middle elementor-section-boxed elementor-section-height-default elementor-section-height-default\" data-id=\"245c1105\" data-element_type=\"section\" data-settings=\"{&quot;hoteller_ext_is_background_parallax&quot;:&quot;false&quot;,&quot;hoteller_ext_is_background_on_scroll&quot;:&quot;false&quot;}\">\n\t\t\t\t\t\t<div class=\"elementor-container elementor-column-gap-no\">\n\t\t\t\t\t<div class=\"elementor-column elementor-col-100 elementor-top-column elementor-element elementor-element-7bc59b1f\" data-id=\"7bc59b1f\" data-element_type=\"column\" data-settings=\"{&quot;hoteller_ext_link_sidemenu&quot;:&quot;false&quot;,&quot;hoteller_ext_link_fullmenu&quot;:&quot;false&quot;,&quot;hoteller_ext_is_scrollme&quot;:&quot;false&quot;,&quot;hoteller_ext_is_smoove&quot;:&quot;false&quot;,&quot;hoteller_ext_is_parallax_mouse&quot;:&quot;false&quot;,&quot;hoteller_ext_is_infinite&quot;:&quot;false&quot;,&quot;hoteller_ext_is_fadeout_animation&quot;:&quot;false&quot;}\">\n\t\t\t<div class=\"elementor-widget-wrap elementor-element-populated\">\n\t\t\t\t\t\t<div class=\"elementor-element elementor-element-378b4ca5 elementor-widget elementor-widget-heading\" data-id=\"378b4ca5\" data-element_type=\"widget\" data-settings=\"{&quot;hoteller_ext_link_sidemenu&quot;:&quot;false&quot;,&quot;hoteller_ext_link_fullmenu&quot;:&quot;false&quot;,&quot;hoteller_ext_is_scrollme&quot;:&quot;false&quot;,&quot;hoteller_ext_is_smoove&quot;:&quot;false&quot;,&quot;hoteller_ext_is_parallax_mouse&quot;:&quot;false&quot;,&quot;hoteller_ext_is_infinite&quot;:&quot;false&quot;,&quot;hoteller_ext_is_fadeout_animation&quot;:&quot;false&quot;}\" data-widget_type=\"heading.default\">\n\t\t\t\t<div class=\"elementor-widget-container\">\n\t\t\t\t\t<h4 class=\"elementor-heading-title elementor-size-default\">FAQ<\/h4>\t\t\t\t<\/div>\n\t\t\t\t<\/div>\n\t\t\t\t<div class=\"elementor-element elementor-element-3ee3c4e3 elementor-widget elementor-widget-heading\" data-id=\"3ee3c4e3\" data-element_type=\"widget\" data-settings=\"{&quot;hoteller_ext_link_sidemenu&quot;:&quot;false&quot;,&quot;hoteller_ext_link_fullmenu&quot;:&quot;false&quot;,&quot;hoteller_ext_is_scrollme&quot;:&quot;false&quot;,&quot;hoteller_ext_is_smoove&quot;:&quot;false&quot;,&quot;hoteller_ext_is_parallax_mouse&quot;:&quot;false&quot;,&quot;hoteller_ext_is_infinite&quot;:&quot;false&quot;,&quot;hoteller_ext_is_fadeout_animation&quot;:&quot;false&quot;}\" data-widget_type=\"heading.default\">\n\t\t\t\t<div class=\"elementor-widget-container\">\n\t\t\t\t\t<h5 class=\"elementor-heading-title elementor-size-default\">H\u00e4ufig gestellte Fragen und unsere Antworten<\/h5>\t\t\t\t<\/div>\n\t\t\t\t<\/div>\n\t\t\t\t<div class=\"elementor-element elementor-element-4bad11c5 elementor-widget elementor-widget-toggle\" data-id=\"4bad11c5\" data-element_type=\"widget\" data-settings=\"{&quot;hoteller_ext_link_sidemenu&quot;:&quot;false&quot;,&quot;hoteller_ext_link_fullmenu&quot;:&quot;false&quot;,&quot;hoteller_ext_is_scrollme&quot;:&quot;false&quot;,&quot;hoteller_ext_is_smoove&quot;:&quot;false&quot;,&quot;hoteller_ext_is_parallax_mouse&quot;:&quot;false&quot;,&quot;hoteller_ext_is_infinite&quot;:&quot;false&quot;,&quot;hoteller_ext_is_fadeout_animation&quot;:&quot;false&quot;}\" data-widget_type=\"toggle.default\">\n\t\t\t\t<div class=\"elementor-widget-container\">\n\t\t\t\t\t\t\t<div class=\"elementor-toggle\">\n\t\t\t\t\t\t\t<div class=\"elementor-toggle-item\">\n\t\t\t\t\t<div id=\"elementor-tab-title-1261\" class=\"elementor-tab-title\" data-tab=\"1\" role=\"button\" aria-controls=\"elementor-tab-content-1261\" aria-expanded=\"false\">\n\t\t\t\t\t\t\t\t\t\t\t\t<span class=\"elementor-toggle-icon elementor-toggle-icon-right\" aria-hidden=\"true\">\n\t\t\t\t\t\t\t\t\t\t\t\t\t\t\t<span class=\"elementor-toggle-icon-closed\"><i class=\"fas fa-caret-right\"><\/i><\/span>\n\t\t\t\t\t\t\t\t<span class=\"elementor-toggle-icon-opened\"><i class=\"elementor-toggle-icon-opened fas fa-caret-up\"><\/i><\/span>\n\t\t\t\t\t\t\t\t\t\t\t\t\t<\/span>\n\t\t\t\t\t\t\t\t\t\t\t\t<a class=\"elementor-toggle-title\" tabindex=\"0\">BUCHUNG<\/a>\n\t\t\t\t\t<\/div>\n\n\t\t\t\t\t<div id=\"elementor-tab-content-1261\" class=\"elementor-tab-content elementor-clearfix\" data-tab=\"1\" role=\"region\" aria-labelledby=\"elementor-tab-title-1261\"><h6>Wie kann ich buchen?<\/h6>\r\n\u00dcber unsere Online-Buchung auf unserer Web Seite BUCHEN.\u00a0 Wir bitten Sie, das Online-Formular auszuf\u00fcllen und dann eine Anzahlung von 30% \u00fcber Kreditkart oder Paypal zu leisten.\r\n<h6>Kann ich per Telefon\/Mail buchen?<\/h6>\r\nNEIN. Aus Sicherheitsgr\u00fcnden nehmen wir keine Kreditkartennummern per Telefon oder E-Mail entgegen.\r\n\r\nF\u00fcr Gruppen k\u00f6nnen wir ein Angebot erstellen und unsere IBAN f\u00fcr die Anzahlung per \u00dcberweisung angeben.\r\n<h6>Ich habe mehr Vertrauen in Booking.com und oder AirBnB. Kann ich \u00fcber eines der beiden buchen?<\/h6>\r\n&nbsp;\r\n<div class=\"app-translate-text__content color-text--apple custom-scroll-bar app-translate-text__content_font-size_14\" dir=\"ltr\">JA. Wir sind auf beiden Plattformen.<\/div>\r\n<div dir=\"ltr\"><\/div>\r\n<div class=\"app-translate-text__content color-text--apple custom-scroll-bar app-translate-text__content_font-size_14\" dir=\"ltr\">Einfach:<\/div>\r\n<div class=\"app-translate-text__content color-text--apple custom-scroll-bar app-translate-text__content_font-size_14\" dir=\"ltr\">1. Unser System ist auch sicher,<\/div>\r\n<div class=\"app-translate-text__content color-text--apple custom-scroll-bar app-translate-text__content_font-size_14\" dir=\"ltr\">2. Unsere Stornierungsbedingungen sind generell flexibler (und wir auch)<\/div>\r\n<div class=\"app-translate-text__content color-text--apple custom-scroll-bar app-translate-text__content_font-size_14\" dir=\"ltr\">3. Bei Problemen mit Ihrer Buchung hilft es nicht, uns anzurufen, Sie m\u00fcssen \u00fcber den Messenger oder den Kundenservice der Plattform gehen,<\/div>\r\n<div class=\"app-translate-text__content color-text--apple custom-scroll-bar app-translate-text__content_font-size_14\" dir=\"ltr\">4. Sie zahlen eine zus\u00e4tzliche Geb\u00fchr in Verbindung mit der Plattform-Provision (bis zu 20% mehr).<\/div>\r\n<div class=\"d-flex d-flex__row\">\r\n<div class=\"app-translate-text__sidebar\">\r\n<div id=\"pronounce_3270f421-fb2d-15bf-eb31-25d0e925f864\" class=\"pronounce\"><\/div>\r\n<\/div>\r\n<\/div><\/div>\n\t\t\t\t<\/div>\n\t\t\t\t\t\t\t<div class=\"elementor-toggle-item\">\n\t\t\t\t\t<div id=\"elementor-tab-title-1262\" class=\"elementor-tab-title\" data-tab=\"2\" role=\"button\" aria-controls=\"elementor-tab-content-1262\" aria-expanded=\"false\">\n\t\t\t\t\t\t\t\t\t\t\t\t<span class=\"elementor-toggle-icon elementor-toggle-icon-right\" aria-hidden=\"true\">\n\t\t\t\t\t\t\t\t\t\t\t\t\t\t\t<span class=\"elementor-toggle-icon-closed\"><i class=\"fas fa-caret-right\"><\/i><\/span>\n\t\t\t\t\t\t\t\t<span class=\"elementor-toggle-icon-opened\"><i class=\"elementor-toggle-icon-opened fas fa-caret-up\"><\/i><\/span>\n\t\t\t\t\t\t\t\t\t\t\t\t\t<\/span>\n\t\t\t\t\t\t\t\t\t\t\t\t<a class=\"elementor-toggle-title\" tabindex=\"0\">STORNIERUNGSBEDINGUNGEN<\/a>\n\t\t\t\t\t<\/div>\n\n\t\t\t\t\t<div id=\"elementor-tab-content-1262\" class=\"elementor-tab-content elementor-clearfix\" data-tab=\"2\" role=\"region\" aria-labelledby=\"elementor-tab-title-1262\"><h6><strong>Welche sind die Stornierungsbedingungen ?\u00a0<\/strong><\/h6>\r\n<span style=\"font-weight: 400;\">Bei Reservierungen, die direkt bei C\u00f4t\u00e9 Provence \u00fcber unsere Website vorgenommen wurden, wird der Betrag der Anzahlung vollst\u00e4ndig zur\u00fcckerstattet, wenn die Stornierung mehr als 30 Tage vor dem Beginn des Aufenthalts erfolgt. <\/span><span style=\"font-weight: 400;\">Siehe unsere Allgemeinen Gesch\u00e4ftsbedingungen.<\/span><\/div>\n\t\t\t\t<\/div>\n\t\t\t\t\t\t\t<div class=\"elementor-toggle-item\">\n\t\t\t\t\t<div id=\"elementor-tab-title-1263\" class=\"elementor-tab-title\" data-tab=\"3\" role=\"button\" aria-controls=\"elementor-tab-content-1263\" aria-expanded=\"false\">\n\t\t\t\t\t\t\t\t\t\t\t\t<span class=\"elementor-toggle-icon elementor-toggle-icon-right\" aria-hidden=\"true\">\n\t\t\t\t\t\t\t\t\t\t\t\t\t\t\t<span class=\"elementor-toggle-icon-closed\"><i class=\"fas fa-caret-right\"><\/i><\/span>\n\t\t\t\t\t\t\t\t<span class=\"elementor-toggle-icon-opened\"><i class=\"elementor-toggle-icon-opened fas fa-caret-up\"><\/i><\/span>\n\t\t\t\t\t\t\t\t\t\t\t\t\t<\/span>\n\t\t\t\t\t\t\t\t\t\t\t\t<a class=\"elementor-toggle-title\" tabindex=\"0\">Zahlungsmittel <\/a>\n\t\t\t\t\t<\/div>\n\n\t\t\t\t\t<div id=\"elementor-tab-content-1263\" class=\"elementor-tab-content elementor-clearfix\" data-tab=\"3\" role=\"region\" aria-labelledby=\"elementor-tab-title-1263\"><h6>Nehmen Sie die Kreditkarten?<\/h6>\r\nJA. Wir akzeptieren VISA, Mastercard, Maestro. Aber kein American Express.\r\n<h6>Kann ich mit PAYPAL bezahlen?<\/h6>\r\nJA. Aus Kostengr\u00fcnden bevorzugen wir jedoch die Kreditkarte (oder eine SEPA-\u00dcberweisung)\r\n<h6>Nehmen Sie Schecks an?<\/h6>\r\nJA. Schecks von franz\u00f6sischen Banken nur. Aus praktischen Gr\u00fcnden bevorzugen wir jedoch die Kreditkarte.<\/div>\n\t\t\t\t<\/div>\n\t\t\t\t\t\t\t<div class=\"elementor-toggle-item\">\n\t\t\t\t\t<div id=\"elementor-tab-title-1264\" class=\"elementor-tab-title\" data-tab=\"4\" role=\"button\" aria-controls=\"elementor-tab-content-1264\" aria-expanded=\"false\">\n\t\t\t\t\t\t\t\t\t\t\t\t<span class=\"elementor-toggle-icon elementor-toggle-icon-right\" aria-hidden=\"true\">\n\t\t\t\t\t\t\t\t\t\t\t\t\t\t\t<span class=\"elementor-toggle-icon-closed\"><i class=\"fas fa-caret-right\"><\/i><\/span>\n\t\t\t\t\t\t\t\t<span class=\"elementor-toggle-icon-opened\"><i class=\"elementor-toggle-icon-opened fas fa-caret-up\"><\/i><\/span>\n\t\t\t\t\t\t\t\t\t\t\t\t\t<\/span>\n\t\t\t\t\t\t\t\t\t\t\t\t<a class=\"elementor-toggle-title\" tabindex=\"0\">Ank\u00fcnfte und Abfl\u00fcge<\/a>\n\t\t\t\t\t<\/div>\n\n\t\t\t\t\t<div id=\"elementor-tab-content-1264\" class=\"elementor-tab-content elementor-clearfix\" data-tab=\"4\" role=\"region\" aria-labelledby=\"elementor-tab-title-1264\"><h6>Ab wann kommen Sie an?<\/h6>\r\nAnk\u00fcnfte f\u00fcr Zimmer und Cottages sind von 16:00 bis 19:00 Uhr.\r\n<h6>Ich m\u00f6chte mein Zimmer fr\u00fcher haben oder sp\u00e4ter freigeben. Ist das m\u00f6glich?<\/h6>\r\nJA. Wenn und nur wenn Sie haben die Option (kostenpflichtig) Early Check In und\/oder Late Check Out bei der Buchung ausgew\u00e4hlt.\r\n<h6>Ich m\u00f6chte fr\u00fcher anreisen, ohne unbedingt ins Zimmer zu gehen. Ist das m\u00f6glich?<\/h6>\r\nNEIN. Es sei denn, Sie haben die Option Early Check In abonniert. Die einfache Tatsache, dass wir anhalten, um Sie zu begr\u00fc\u00dfen und Ihnen einige Anweisungen zu geben, verz\u00f6gert uns, um f\u00fcr die 16-Uhr-Begr\u00fc\u00dfung bereit zu sein. Wir m\u00fcssen uns auch Ruhestr\u00e4nde schaffen, einkaufen, zur Post gehen &#8230; f\u00fcr Sie, f\u00fcr uns, f\u00fcr unsere Kinder &#8230;. Vielen Dank f\u00fcr Ihr Verst\u00e4ndnis.\r\n<h6>Mein Flugzeug landet\/ mein Zug kommt um 22:30 Uhr in Marseille\/ Avignon an, ich bin um 23:00 Uhr bei Ihnen. Ist das m\u00f6glich?<\/h6>\r\nNEIN und JA.\r\n\r\nNachdem Ihr Flugzeug den Boden ber\u00fchrt hat (wenn es keine Versp\u00e4tung hat), sollten Sie zwischen 1,5 und 2 Stunden nach C\u00f4t\u00e9 Provence fahren, um Ihr Gep\u00e4ck abzuholen (im S\u00fcden l\u00e4nger) und Ihren Mietwagen (im S\u00fcden l\u00e4nger). Wir empfehlen Ihnen eine erste Hotel\u00fcbernachtung am Flughafen.\r\n\r\nBei der Ankunft am Bahnhof (wenn Ihr Zug keine Versp\u00e4tung hat), die Zeit, um Ihren Mietwagen abzuholen (es ist l\u00e4nger im S\u00fcden), z\u00e4hlen Sie 1 Stunde &#8211; 1 Stunde 15, um C\u00f4t\u00e9 Provence zu erreichen.\r\n\r\nWir sind ein einfaches G\u00e4stehaus, haben keine Mitarbeiter(s) 24\/24, nehmen wir auch ein paar Abende f\u00fcr uns als Familie &#8230;. Wir k\u00f6nnen Ihnen jemanden zur Verf\u00fcgung stellen, um Sie zu empfangen, aber dies kann zus\u00e4tzliche Kosten verursachen (bis zu 50\u20ac, Gehalt + Fahrten). In jedem Fall muss eine sp\u00e4te Anreise bei der Buchung vorgesehen werden. Vielen Dank f\u00fcr Ihr Verst\u00e4ndnis.<\/div>\n\t\t\t\t<\/div>\n\t\t\t\t\t\t\t<div class=\"elementor-toggle-item\">\n\t\t\t\t\t<div id=\"elementor-tab-title-1265\" class=\"elementor-tab-title\" data-tab=\"5\" role=\"button\" aria-controls=\"elementor-tab-content-1265\" aria-expanded=\"false\">\n\t\t\t\t\t\t\t\t\t\t\t\t<span class=\"elementor-toggle-icon elementor-toggle-icon-right\" aria-hidden=\"true\">\n\t\t\t\t\t\t\t\t\t\t\t\t\t\t\t<span class=\"elementor-toggle-icon-closed\"><i class=\"fas fa-caret-right\"><\/i><\/span>\n\t\t\t\t\t\t\t\t<span class=\"elementor-toggle-icon-opened\"><i class=\"elementor-toggle-icon-opened fas fa-caret-up\"><\/i><\/span>\n\t\t\t\t\t\t\t\t\t\t\t\t\t<\/span>\n\t\t\t\t\t\t\t\t\t\t\t\t<a class=\"elementor-toggle-title\" tabindex=\"0\">SCHWIMMBAD <\/a>\n\t\t\t\t\t<\/div>\n\n\t\t\t\t\t<div id=\"elementor-tab-content-1265\" class=\"elementor-tab-content elementor-clearfix\" data-tab=\"5\" role=\"region\" aria-labelledby=\"elementor-tab-title-1265\"><h6><span style=\"font-weight: 400;\"><strong>Ist der Pool sicher ?<\/strong> <\/span><\/h6>\r\nJA. Das Schwimmbadareal ist von Barrieren umgeben und der Zugang erfolgt \u00fcber T\u00fcrchen mit Kindersicherheit.\r\n<h6>Ich habe Freunde, die nebenan vermietet sind, aber keinen Pool haben. Kann ich sie einladen, den C\u00f4t\u00e9 Provence zu genie\u00dfen?<\/h6>\r\nNEIN. Die Nutzung des Schwimmbades sowie aller Einrichtungen der C\u00f4t\u00e9 Provence ist den Bewohnern der C\u00f4t\u00e9 Provence vorbehalten.\r\n<h6><span style=\"font-weight: 400;\"><strong>Ist der Pool beheizt ?<\/strong> <\/span><span style=\"font-weight: 400;\">\u00a0<\/span><\/h6>\r\n<span style=\"font-weight: 400;\">NEIN. Er wird nur von der gro\u00dfz\u00fcgigen S\u00fcdsonne erhitzt !<\/span>\r\n<h6><strong>Ist der Pool privat ?\u00a0<\/strong><\/h6>\r\n<span style=\"font-weight: 400;\">NEIN. Er wird von den G\u00e4sten des G\u00e4stehauses und denen der Cottages geteilt.\u00a0<\/span>\r\n<h6>Wie sind die \u00d6ffnungszeiten?<\/h6>\r\nDer Pool ist von 10 bis 20 Uhr ge\u00f6ffnet.\r\n<h6>Ab wann und bis wann ist der Pool zug\u00e4nglich?<\/h6>\r\nDer Pool wird Mitte April in Betrieb genommen und bleibt bei sch\u00f6nem Wetter bis Mitte Oktober in Betrieb.<\/div>\n\t\t\t\t<\/div>\n\t\t\t\t\t\t\t<div class=\"elementor-toggle-item\">\n\t\t\t\t\t<div id=\"elementor-tab-title-1266\" class=\"elementor-tab-title\" data-tab=\"6\" role=\"button\" aria-controls=\"elementor-tab-content-1266\" aria-expanded=\"false\">\n\t\t\t\t\t\t\t\t\t\t\t\t<span class=\"elementor-toggle-icon elementor-toggle-icon-right\" aria-hidden=\"true\">\n\t\t\t\t\t\t\t\t\t\t\t\t\t\t\t<span class=\"elementor-toggle-icon-closed\"><i class=\"fas fa-caret-right\"><\/i><\/span>\n\t\t\t\t\t\t\t\t<span class=\"elementor-toggle-icon-opened\"><i class=\"elementor-toggle-icon-opened fas fa-caret-up\"><\/i><\/span>\n\t\t\t\t\t\t\t\t\t\t\t\t\t<\/span>\n\t\t\t\t\t\t\t\t\t\t\t\t<a class=\"elementor-toggle-title\" tabindex=\"0\">WO GIBT ESSM\u00d6GLICHKEITEN ? <\/a>\n\t\t\t\t\t<\/div>\n\n\t\t\t\t\t<div id=\"elementor-tab-content-1266\" class=\"elementor-tab-content elementor-clearfix\" data-tab=\"6\" role=\"region\" aria-labelledby=\"elementor-tab-title-1266\"><h6><strong>Gibt es Restaurants in der N\u00e4he von C\u00f4t\u00e9 Provence ?\u00a0<\/strong><\/h6>\r\n<span style=\"font-weight: 400;\">Ja. <\/span><span style=\"font-weight: 400;\">Siehe unseren Abschnitt &#8222;Gastronomie &amp; Wein&#8220;, dann unsere post &#8222;<a href=\"https:\/\/www.coteprovence.com\/de\/restaurants\/\">Restaurants<\/a>&#8222;. <\/span>\r\n\r\n&nbsp;\r\n<h6><strong>Wird es am Abend meiner Ankunft eine Table d&#8217;H\u00f4tes geben?<\/strong><\/h6>\r\nVIELLEICHT.<span style=\"font-weight: 400;\"> Der Table d&#8217;h\u00f4tes wird gelegentlich angeboten (je nach Saison, Nachfrage und Stimmung des K\u00fcchenchefs!). F\u00fcr Gruppen bitte bei der Buchung nachfragen. Ansonsten bieten wir gemischte Plattern (Aufschnitt, K\u00e4se, Rohkost) auf Anfrage an. Begleitet von einer sch\u00f6nen Weinkarte. <\/span><\/div>\n\t\t\t\t<\/div>\n\t\t\t\t\t\t\t<div class=\"elementor-toggle-item\">\n\t\t\t\t\t<div id=\"elementor-tab-title-1267\" class=\"elementor-tab-title\" data-tab=\"7\" role=\"button\" aria-controls=\"elementor-tab-content-1267\" aria-expanded=\"false\">\n\t\t\t\t\t\t\t\t\t\t\t\t<span class=\"elementor-toggle-icon elementor-toggle-icon-right\" aria-hidden=\"true\">\n\t\t\t\t\t\t\t\t\t\t\t\t\t\t\t<span class=\"elementor-toggle-icon-closed\"><i class=\"fas fa-caret-right\"><\/i><\/span>\n\t\t\t\t\t\t\t\t<span class=\"elementor-toggle-icon-opened\"><i class=\"elementor-toggle-icon-opened fas fa-caret-up\"><\/i><\/span>\n\t\t\t\t\t\t\t\t\t\t\t\t\t<\/span>\n\t\t\t\t\t\t\t\t\t\t\t\t<a class=\"elementor-toggle-title\" tabindex=\"0\">SOMMER K\u00dcCHE<\/a>\n\t\t\t\t\t<\/div>\n\n\t\t\t\t\t<div id=\"elementor-tab-content-1267\" class=\"elementor-tab-content elementor-clearfix\" data-tab=\"7\" role=\"region\" aria-labelledby=\"elementor-tab-title-1267\"><h6><strong>Gibt es eine K\u00fcche ?<\/strong><\/h6>\r\n<span style=\"font-weight: 400;\">Eine Sommerk\u00fcche steht unseren G\u00e4sten zur Verf\u00fcgung. Sie ist im Freien, ausgestattet mit K\u00fchlschrank, Mikrowelle, Heizplatte, Wasserkocher, &#8230;. und Geschirr und Tischw\u00e4sche. Das erlaubt die Vorbereitung leichter Mahlzeiten . E<\/span><span style=\"font-weight: 400;\">s gibt leider keine M\u00f6glichkeit\u00a0 zu backen. <\/span>\r\n\r\n<span style=\"font-weight: 400;\">Die G\u00eetes haben eine eigene K\u00fcche und BBQ.<\/span>\r\n<h6><b>Ist Grillen m\u00f6glich?\u00a0<\/b><\/h6>\r\n<span style=\"font-weight: 400;\">Nur f\u00fcr die G\u00eetes und an den daf\u00fcr vorgesehenen Orten. F\u00fcr die G\u00e4ste des Hauses\u00a0 steht kein Grill zur Verf\u00fcgung.<\/span>\r\n<h6><b>Ist es m\u00f6glich, Ihre K\u00fcche zu benutzen?\u00a0<\/b><\/h6>\r\n<span style=\"font-weight: 400;\">NEIN. Die K\u00fcche unseres Hauses bleibt privat. Wenn Sie eine Mahlzeit f\u00fcr eine Gruppe organisieren m\u00f6chten, bieten wir Ihnen unsere Table d&#8217;h\u00f4tes an.<\/span><\/div>\n\t\t\t\t<\/div>\n\t\t\t\t\t\t\t<div class=\"elementor-toggle-item\">\n\t\t\t\t\t<div id=\"elementor-tab-title-1268\" class=\"elementor-tab-title\" data-tab=\"8\" role=\"button\" aria-controls=\"elementor-tab-content-1268\" aria-expanded=\"false\">\n\t\t\t\t\t\t\t\t\t\t\t\t<span class=\"elementor-toggle-icon elementor-toggle-icon-right\" aria-hidden=\"true\">\n\t\t\t\t\t\t\t\t\t\t\t\t\t\t\t<span class=\"elementor-toggle-icon-closed\"><i class=\"fas fa-caret-right\"><\/i><\/span>\n\t\t\t\t\t\t\t\t<span class=\"elementor-toggle-icon-opened\"><i class=\"elementor-toggle-icon-opened fas fa-caret-up\"><\/i><\/span>\n\t\t\t\t\t\t\t\t\t\t\t\t\t<\/span>\n\t\t\t\t\t\t\t\t\t\t\t\t<a class=\"elementor-toggle-title\" tabindex=\"0\">G\u00c4STETAFEL<\/a>\n\t\t\t\t\t<\/div>\n\n\t\t\t\t\t<div id=\"elementor-tab-content-1268\" class=\"elementor-tab-content elementor-clearfix\" data-tab=\"8\" role=\"region\" aria-labelledby=\"elementor-tab-title-1268\"><h6><span style=\"font-weight: 400;\">\u00a0<\/span><strong>Wird die Table d&#8217;h\u00f4tes jeden Abend angeboten ?\u00a0<\/strong><\/h6>\r\n<span style=\"font-weight: 400;\">NEIN. Wir bieten die Table d&#8217;H\u00f4tes nur gelegentlich an (je nach Saison, wenn gen\u00fcgend W\u00fcnsche bestehen und je nach Wunsch des K\u00fcchenchefs !). Auf Wunsch bieten wir jedoch Gemischte Platten (Wurst, K\u00e4se, Rohkost) mit einer sch\u00f6nen Weinkarte. <\/span>\r\n<h6><strong>Gibt es Restaurants in der N\u00e4he von C\u00f4t\u00e9 Provence ?\u00a0<\/strong><\/h6>\r\n<span style=\"font-weight: 400;\">JA. Siehe unseren Abschnitt &#8222;<a href=\"https:\/\/www.coteprovence.com\/de\/category\/gastronomie-wein\/\">Gastronomie &amp; Wein<\/a>&#8222;, Abschnitt &#8222;Restaurants&#8220;.<\/span><\/div>\n\t\t\t\t<\/div>\n\t\t\t\t\t\t\t<div class=\"elementor-toggle-item\">\n\t\t\t\t\t<div id=\"elementor-tab-title-1269\" class=\"elementor-tab-title\" data-tab=\"9\" role=\"button\" aria-controls=\"elementor-tab-content-1269\" aria-expanded=\"false\">\n\t\t\t\t\t\t\t\t\t\t\t\t<span class=\"elementor-toggle-icon elementor-toggle-icon-right\" aria-hidden=\"true\">\n\t\t\t\t\t\t\t\t\t\t\t\t\t\t\t<span class=\"elementor-toggle-icon-closed\"><i class=\"fas fa-caret-right\"><\/i><\/span>\n\t\t\t\t\t\t\t\t<span class=\"elementor-toggle-icon-opened\"><i class=\"elementor-toggle-icon-opened fas fa-caret-up\"><\/i><\/span>\n\t\t\t\t\t\t\t\t\t\t\t\t\t<\/span>\n\t\t\t\t\t\t\t\t\t\t\t\t<a class=\"elementor-toggle-title\" tabindex=\"0\">TIERE<\/a>\n\t\t\t\t\t<\/div>\n\n\t\t\t\t\t<div id=\"elementor-tab-content-1269\" class=\"elementor-tab-content elementor-clearfix\" data-tab=\"9\" role=\"region\" aria-labelledby=\"elementor-tab-title-1269\"><h6><b>Sind Tiere erlaubt?\u00a0<\/b><\/h6>\r\n<span style=\"font-size: 16px;\"><span style=\"font-weight: 400;\">NEIN. <\/span><span style=\"font-weight: 400;\">Tiere sind leider nicht erlaubt.<\/span> <\/span>\r\n<h6><b>Auch klein und brav?\u00a0<\/b><\/h6>\r\n<span style=\"font-weight: 400;\">Selbst klein und gut erzogen ist Ihr Haustier nicht erlaubt, sorry.<\/span><\/div>\n\t\t\t\t<\/div>\n\t\t\t\t\t\t\t<div class=\"elementor-toggle-item\">\n\t\t\t\t\t<div id=\"elementor-tab-title-12610\" class=\"elementor-tab-title\" data-tab=\"10\" role=\"button\" aria-controls=\"elementor-tab-content-12610\" aria-expanded=\"false\">\n\t\t\t\t\t\t\t\t\t\t\t\t<span class=\"elementor-toggle-icon elementor-toggle-icon-right\" aria-hidden=\"true\">\n\t\t\t\t\t\t\t\t\t\t\t\t\t\t\t<span class=\"elementor-toggle-icon-closed\"><i class=\"fas fa-caret-right\"><\/i><\/span>\n\t\t\t\t\t\t\t\t<span class=\"elementor-toggle-icon-opened\"><i class=\"elementor-toggle-icon-opened fas fa-caret-up\"><\/i><\/span>\n\t\t\t\t\t\t\t\t\t\t\t\t\t<\/span>\n\t\t\t\t\t\t\t\t\t\t\t\t<a class=\"elementor-toggle-title\" tabindex=\"0\">AUTO ODER TAXI<\/a>\n\t\t\t\t\t<\/div>\n\n\t\t\t\t\t<div id=\"elementor-tab-content-12610\" class=\"elementor-tab-content elementor-clearfix\" data-tab=\"10\" role=\"region\" aria-labelledby=\"elementor-tab-title-12610\"><h6><b>Ist es ratsam, ein Auto zu haben, um herumzukommen?<\/b><\/h6>\r\n<span style=\"font-weight: 400;\">\u00a0<\/span>Obwohl\u00a0 C\u00f4t\u00e9 Provence nicht isoliert ist, weil das G\u00e4stehaus in der N\u00e4he lebhafter D\u00f6rfer liegt, sind wir immer noch auf dem Land. Ein Fahrzeug wird empfohlen. Zumindest ein Fahrrad.\r\n<h6><b>K\u00f6nnen wir mit dem Taxi leicht\u00a0 C\u00f4t\u00e9 Provence erreichen?\u00a0<\/b><\/h6>\r\n<span style=\"font-weight: 400;\">JA. Ab dem TGV-Bahnhof Avignon.<\/span>\r\n\r\n<span style=\"font-weight: 400;\">JA und NEIN. <\/span><span style=\"font-weight: 400;\">Vom Flughafen Marseille Provence: Angesichts der Fahrtkosten empfehlen wir Ihnen, ein Auto zu mieten. Siehe auch unten.<\/span>\r\n<h6><b>Ist es einfach ein Taxi ab C\u00f4t\u00e9 Provence zu bestellen?\u00a0<\/b><\/h6>\r\n<span style=\"font-weight: 400;\">NEIN. Es ist ratsam, Ihre Reisen im Voraus zu planen, wenn Sie sich mit dem Taxi bewegen m\u00f6chten (bestellen Sie beispielsweise bereits Ihr Taxi f\u00fcr die R\u00fcckreise). Es gibt nur wenige Taxis und \u00dcbers um uns herum. Wir helfen Ihnen zwar gern bei der Suche, haben aber keinen Concierge-Service. <\/span><\/div>\n\t\t\t\t<\/div>\n\t\t\t\t\t\t\t<div class=\"elementor-toggle-item\">\n\t\t\t\t\t<div id=\"elementor-tab-title-12611\" class=\"elementor-tab-title\" data-tab=\"11\" role=\"button\" aria-controls=\"elementor-tab-content-12611\" aria-expanded=\"false\">\n\t\t\t\t\t\t\t\t\t\t\t\t<span class=\"elementor-toggle-icon elementor-toggle-icon-right\" aria-hidden=\"true\">\n\t\t\t\t\t\t\t\t\t\t\t\t\t\t\t<span class=\"elementor-toggle-icon-closed\"><i class=\"fas fa-caret-right\"><\/i><\/span>\n\t\t\t\t\t\t\t\t<span class=\"elementor-toggle-icon-opened\"><i class=\"elementor-toggle-icon-opened fas fa-caret-up\"><\/i><\/span>\n\t\t\t\t\t\t\t\t\t\t\t\t\t<\/span>\n\t\t\t\t\t\t\t\t\t\t\t\t<a class=\"elementor-toggle-title\" tabindex=\"0\">PRIVATISIERUNG DES GASTEHAUSES<\/a>\n\t\t\t\t\t<\/div>\n\n\t\t\t\t\t<div id=\"elementor-tab-content-12611\" class=\"elementor-tab-content elementor-clearfix\" data-tab=\"11\" role=\"region\" aria-labelledby=\"elementor-tab-title-12611\"><h6><b>Ist es m\u00f6glich C\u00f4t\u00e9 Provence zu privatisieren?\u00a0<\/b><\/h6>\r\n<span style=\"font-weight: 400;\">JA und NEIN. <\/span>\r\n\r\n<span style=\"font-weight: 400;\">Sie k\u00f6nnen alle Unterk\u00fcnfte (Zimmer und Unterk\u00fcnfte f\u00fcr bis zu 20 Personen) buchen, aber:<\/span>\r\n\r\n<span style=\"font-weight: 400;\"> C\u00f4t\u00e9 Provence bleibt ein G\u00e4stehaus (mit Dienstleistungen, keine Saisonmiete) und unser Haus (wir leben vor Ort). Es ist nicht m\u00f6glich, externe Personen einzuladen (die keine Unterkunft vor Ort haben).<\/span>\r\n\r\nWir empfangen Sie gerne mit Familie oder Freunden, aber werden anwesend sein, minimal f\u00fcr das Fr\u00fchst\u00fcck. Unsere K\u00fcche bleibt privat (siehe auch K\u00fcche).<\/div>\n\t\t\t\t<\/div>\n\t\t\t\t\t\t\t\t<\/div>\n\t\t\t\t\t\t<\/div>\n\t\t\t\t<\/div>\n\t\t\t\t\t<\/div>\n\t\t<\/div>\n\t\t\t\t\t<\/div>\n\t\t<\/section>\n\t\t\t\t<\/div>\n\t\t","protected":false},"excerpt":{"rendered":"<p>FAQ H\u00e4ufig gestellte Fragen und unsere Antworten BUCHUNG Wie kann ich buchen? \u00dcber unsere Online-Buchung auf unserer Web Seite BUCHEN.\u00a0 Wir bitten Sie, das Online-Formular auszuf\u00fcllen und dann eine Anzahlung von 30% \u00fcber Kreditkart oder Paypal zu leisten. Kann ich [&hellip;]<\/p>\n","protected":false},"author":2,"featured_media":6126,"parent":0,"menu_order":0,"comment_status":"closed","ping_status":"closed","template":"page-r.php","meta":{"footnotes":""},"class_list":["post-6188","page","type-page","status-publish","has-post-thumbnail","hentry"],"_links":{"self":[{"href":"https:\/\/www.coteprovence.com\/de\/wp-json\/wp\/v2\/pages\/6188","targetHints":{"allow":["GET"]}}],"collection":[{"href":"https:\/\/www.coteprovence.com\/de\/wp-json\/wp\/v2\/pages"}],"about":[{"href":"https:\/\/www.coteprovence.com\/de\/wp-json\/wp\/v2\/types\/page"}],"author":[{"embeddable":true,"href":"https:\/\/www.coteprovence.com\/de\/wp-json\/wp\/v2\/users\/2"}],"replies":[{"embeddable":true,"href":"https:\/\/www.coteprovence.com\/de\/wp-json\/wp\/v2\/comments?post=6188"}],"version-history":[{"count":4,"href":"https:\/\/www.coteprovence.com\/de\/wp-json\/wp\/v2\/pages\/6188\/revisions"}],"predecessor-version":[{"id":9218,"href":"https:\/\/www.coteprovence.com\/de\/wp-json\/wp\/v2\/pages\/6188\/revisions\/9218"}],"wp:featuredmedia":[{"embeddable":true,"href":"https:\/\/www.coteprovence.com\/de\/wp-json\/wp\/v2\/media\/6126"}],"wp:attachment":[{"href":"https:\/\/www.coteprovence.com\/de\/wp-json\/wp\/v2\/media?parent=6188"}],"curies":[{"name":"wp","href":"https:\/\/api.w.org\/{rel}","templated":true}]}}