{"id":9754,"date":"2025-12-29T19:26:42","date_gmt":"2025-12-29T18:26:42","guid":{"rendered":"https:\/\/www.coteprovence.com\/cote-preise\/"},"modified":"2025-12-29T19:26:42","modified_gmt":"2025-12-29T18:26:42","slug":"cote-preise","status":"publish","type":"page","link":"https:\/\/www.coteprovence.com\/de\/cote-preise\/","title":{"rendered":"C\u00f4t\u00e9 Preise"},"content":{"rendered":"\t\t<div data-elementor-type=\"wp-page\" data-elementor-id=\"9754\" class=\"elementor elementor-9754 elementor-9410\">\n\t\t\t\t\t\t<section class=\"elementor-section elementor-top-section elementor-element elementor-element-48a28425 elementor-section-boxed elementor-section-height-default elementor-section-height-default\" data-id=\"48a28425\" data-element_type=\"section\" data-settings=\"{&quot;hoteller_ext_is_background_parallax&quot;:&quot;false&quot;,&quot;hoteller_ext_is_background_on_scroll&quot;:&quot;false&quot;}\">\n\t\t\t\t\t\t<div class=\"elementor-container elementor-column-gap-default\">\n\t\t\t\t\t<div class=\"elementor-column elementor-col-100 elementor-top-column elementor-element elementor-element-6e16986\" data-id=\"6e16986\" data-element_type=\"column\" data-settings=\"{&quot;hoteller_ext_link_sidemenu&quot;:&quot;false&quot;,&quot;hoteller_ext_link_fullmenu&quot;:&quot;false&quot;,&quot;hoteller_ext_is_scrollme&quot;:&quot;false&quot;,&quot;hoteller_ext_is_smoove&quot;:&quot;false&quot;,&quot;hoteller_ext_is_parallax_mouse&quot;:&quot;false&quot;,&quot;hoteller_ext_is_infinite&quot;:&quot;false&quot;,&quot;hoteller_ext_is_fadeout_animation&quot;:&quot;false&quot;}\">\n\t\t\t<div class=\"elementor-widget-wrap elementor-element-populated\">\n\t\t\t\t\t\t<div class=\"elementor-element elementor-element-40eb17a elementor-invisible elementor-widget elementor-widget-text-editor\" data-id=\"40eb17a\" data-element_type=\"widget\" data-settings=\"{&quot;_animation&quot;:&quot;fadeInUp&quot;,&quot;_animation_delay&quot;:400,&quot;hoteller_ext_link_sidemenu&quot;:&quot;false&quot;,&quot;hoteller_ext_link_fullmenu&quot;:&quot;false&quot;,&quot;hoteller_ext_is_scrollme&quot;:&quot;false&quot;,&quot;hoteller_ext_is_smoove&quot;:&quot;false&quot;,&quot;hoteller_ext_is_parallax_mouse&quot;:&quot;false&quot;,&quot;hoteller_ext_is_infinite&quot;:&quot;false&quot;,&quot;hoteller_ext_is_fadeout_animation&quot;:&quot;false&quot;}\" data-widget_type=\"text-editor.default\">\n\t\t\t\t<div class=\"elementor-widget-container\">\n\t\t\t\t\t\t\t\t\t<p>Die unten aufgef\u00fchrten Preise gelten f\u00fcr Direktbuchungen von Aufenthalten in Bed-and-Breakfast-Zimmern und Ferienwohnungen in unserer charmanten Residenz \u201eC\u00f4t\u00e9 Provence\u201c. Direktbuchung bedeutet die Nutzung unseres Buchungssystems (\u00fcber unsere Webseite <a href=\"https:\/\/www.coteprovence.com\/de\/on-line-reservierung\/\">ON-LINE RESERVIERUNG<\/a>).<\/p>\n<p>Die Preise auf anderen Plattformen sind je nach Saison und anfallenden Geb\u00fchren stets 10 bis 20 % h\u00f6her. Auch die Stornierungsbedingungen sind bei Direktbuchungen flexibler.<\/p>\n<p>Die Preise sinken mit zunehmender Aufenthaltsdauer: Je l\u00e4nger Sie bleiben, desto g\u00fcnstiger wird es. Der \u00dcbernachtungspreis kann zwischen zwei und f\u00fcnf \u00dcbernachtungen um bis zu 20 % reduziert werden.<\/p>\n<p>Bei Aufenthalten in unserem Bed &amp; Breakfast ist das Fr\u00fchst\u00fcck inklusive. Es ist eine obligatorische Leistung und im Preis inbegriffen. Ohne Fr\u00fchst\u00fcck wird kein Rabatt gew\u00e4hrt. Dies ist ein wichtiger Faktor beim Preisvergleich, da die Qualit\u00e4t unseres Fr\u00fchst\u00fccks von unseren G\u00e4sten sehr gesch\u00e4tzt wird.<\/p>\n<p>Preise f\u00fcr unsere weiteren Leistungen finden Sie weiter unten.<\/p>\n<p>Weitere Informationen zu An- und Abreisezeiten, Zahlungsmethoden usw. finden Sie auf unserer <a href=\"https:\/\/www.coteprovence.com\/de\/allgemeine-bedingungen\/\">Allgemeine Gesch\u00e4ftsbedingungen<\/a> Seite.<\/p>\n\t\t\t\t\t\t\t\t<\/div>\n\t\t\t\t<\/div>\n\t\t\t\t\t<\/div>\n\t\t<\/div>\n\t\t\t\t\t<\/div>\n\t\t<\/section>\n\t\t\t\t<section class=\"elementor-section elementor-top-section elementor-element elementor-element-cbbb925 elementor-section-boxed elementor-section-height-default elementor-section-height-default\" data-id=\"cbbb925\" data-element_type=\"section\" data-settings=\"{&quot;hoteller_ext_is_background_parallax&quot;:&quot;false&quot;,&quot;hoteller_ext_is_background_on_scroll&quot;:&quot;false&quot;}\">\n\t\t\t\t\t\t<div class=\"elementor-container elementor-column-gap-default\">\n\t\t\t\t\t<div class=\"elementor-column elementor-col-100 elementor-top-column elementor-element elementor-element-2671937\" data-id=\"2671937\" data-element_type=\"column\" data-settings=\"{&quot;hoteller_ext_link_sidemenu&quot;:&quot;false&quot;,&quot;hoteller_ext_link_fullmenu&quot;:&quot;false&quot;,&quot;hoteller_ext_is_scrollme&quot;:&quot;false&quot;,&quot;hoteller_ext_is_smoove&quot;:&quot;false&quot;,&quot;hoteller_ext_is_parallax_mouse&quot;:&quot;false&quot;,&quot;hoteller_ext_is_infinite&quot;:&quot;false&quot;,&quot;hoteller_ext_is_fadeout_animation&quot;:&quot;false&quot;}\">\n\t\t\t<div class=\"elementor-widget-wrap elementor-element-populated\">\n\t\t\t\t\t\t<div class=\"elementor-element elementor-element-de551cc elementor-widget-divider--view-line elementor-widget elementor-widget-divider\" data-id=\"de551cc\" data-element_type=\"widget\" data-settings=\"{&quot;hoteller_ext_link_sidemenu&quot;:&quot;false&quot;,&quot;hoteller_ext_link_fullmenu&quot;:&quot;false&quot;,&quot;hoteller_ext_is_scrollme&quot;:&quot;false&quot;,&quot;hoteller_ext_is_smoove&quot;:&quot;false&quot;,&quot;hoteller_ext_is_parallax_mouse&quot;:&quot;false&quot;,&quot;hoteller_ext_is_infinite&quot;:&quot;false&quot;,&quot;hoteller_ext_is_fadeout_animation&quot;:&quot;false&quot;}\" data-widget_type=\"divider.default\">\n\t\t\t\t<div class=\"elementor-widget-container\">\n\t\t\t\t\t\t\t<div class=\"elementor-divider\">\n\t\t\t<span class=\"elementor-divider-separator\">\n\t\t\t\t\t\t<\/span>\n\t\t<\/div>\n\t\t\t\t\t\t<\/div>\n\t\t\t\t<\/div>\n\t\t\t\t<div class=\"elementor-element elementor-element-2c4c43a elementor-widget elementor-widget-heading\" data-id=\"2c4c43a\" data-element_type=\"widget\" data-settings=\"{&quot;hoteller_ext_link_sidemenu&quot;:&quot;false&quot;,&quot;hoteller_ext_link_fullmenu&quot;:&quot;false&quot;,&quot;hoteller_ext_is_scrollme&quot;:&quot;false&quot;,&quot;hoteller_ext_is_smoove&quot;:&quot;false&quot;,&quot;hoteller_ext_is_parallax_mouse&quot;:&quot;false&quot;,&quot;hoteller_ext_is_infinite&quot;:&quot;false&quot;,&quot;hoteller_ext_is_fadeout_animation&quot;:&quot;false&quot;}\" data-widget_type=\"heading.default\">\n\t\t\t\t<div class=\"elementor-widget-container\">\n\t\t\t\t\t<h3 class=\"elementor-heading-title elementor-size-default\">Preise 2026 :<\/h3>\t\t\t\t<\/div>\n\t\t\t\t<\/div>\n\t\t\t\t<div class=\"elementor-element elementor-element-036a61e elementor-widget elementor-widget-accordion\" data-id=\"036a61e\" data-element_type=\"widget\" data-settings=\"{&quot;hoteller_ext_link_sidemenu&quot;:&quot;false&quot;,&quot;hoteller_ext_link_fullmenu&quot;:&quot;false&quot;,&quot;hoteller_ext_is_scrollme&quot;:&quot;false&quot;,&quot;hoteller_ext_is_smoove&quot;:&quot;false&quot;,&quot;hoteller_ext_is_parallax_mouse&quot;:&quot;false&quot;,&quot;hoteller_ext_is_infinite&quot;:&quot;false&quot;,&quot;hoteller_ext_is_fadeout_animation&quot;:&quot;false&quot;}\" data-widget_type=\"accordion.default\">\n\t\t\t\t<div class=\"elementor-widget-container\">\n\t\t\t\t\t\t\t<div class=\"elementor-accordion\">\n\t\t\t\t\t\t\t<div class=\"elementor-accordion-item\">\n\t\t\t\t\t<div id=\"elementor-tab-title-3581\" class=\"elementor-tab-title\" data-tab=\"1\" role=\"button\" aria-controls=\"elementor-tab-content-3581\" aria-expanded=\"false\">\n\t\t\t\t\t\t\t\t\t\t\t\t\t<span class=\"elementor-accordion-icon elementor-accordion-icon-left\" aria-hidden=\"true\">\n\t\t\t\t\t\t\t\t\t\t\t\t\t\t\t<span class=\"elementor-accordion-icon-closed\"><i class=\"far fa-plus-square\"><\/i><\/span>\n\t\t\t\t\t\t\t\t<span class=\"elementor-accordion-icon-opened\"><i class=\"far fa-minus-square\"><\/i><\/span>\n\t\t\t\t\t\t\t\t\t\t\t\t\t\t<\/span>\n\t\t\t\t\t\t\t\t\t\t\t\t<a class=\"elementor-accordion-title\" tabindex=\"0\">Zimmer Preise<\/a>\n\t\t\t\t\t<\/div>\n\t\t\t\t\t<div id=\"elementor-tab-content-3581\" class=\"elementor-tab-content elementor-clearfix\" data-tab=\"1\" role=\"region\" aria-labelledby=\"elementor-tab-title-3581\"><table width=\"1256\">\n<tbody>\n<tr>\n<td width=\"156\">Saison 2026<\/td>\n<td colspan=\"5\" width=\"550\">REST DES JAHRES<br \/>\nvon Freitag 20. March bis Freitag 26. Juni , und von Sonntag 06. September bis Sonntag 01. November<\/td>\n<td colspan=\"5\" width=\"550\">HAUPTSAISON<br \/>\nvon Samstag 27. Juni bis Samstag 05. September<\/td>\n<\/tr>\n<tr>\n<td width=\"156\">ZIMMER<br \/>\n(preise pro nacht in \u20ac)<\/td>\n<td width=\"110\">1 Nacht<\/td>\n<td width=\"110\">2 N\u00e4chte<\/td>\n<td width=\"110\">3 N\u00e4chte<\/td>\n<td width=\"110\">4 N\u00e4chte<\/td>\n<td width=\"110\">5 N\u00e4chte und mehr<\/td>\n<td width=\"110\">1 Nacht<\/td>\n<td width=\"110\">2 N\u00e4chte<\/td>\n<td width=\"110\">3 N\u00e4chte<\/td>\n<td width=\"110\">4 N\u00e4chte<\/td>\n<td width=\"110\">5 N\u00e4chte und mehr<\/td>\n<\/tr>\n<tr>\n<td>Doppel Zimmer<\/td>\n<td>145<\/td>\n<td>135<\/td>\n<td>125<\/td>\n<td>120<\/td>\n<td>110<\/td>\n<td>x<\/td>\n<td>150<\/td>\n<td>140<\/td>\n<td>130<\/td>\n<td>120<\/td>\n<\/tr>\n<tr>\n<td>Suite 1 Zimmer<\/td>\n<td>155<\/td>\n<td>145<\/td>\n<td>135<\/td>\n<td>130<\/td>\n<td>120<\/td>\n<td>x<\/td>\n<td>160<\/td>\n<td>150<\/td>\n<td>140<\/td>\n<td>130<\/td>\n<\/tr>\n<tr>\n<td>Suite 2 Zimmer<\/td>\n<td>160<\/td>\n<td>150<\/td>\n<td>140<\/td>\n<td>135<\/td>\n<td>130<\/td>\n<td>x<\/td>\n<td>170<\/td>\n<td>160<\/td>\n<td>150<\/td>\n<td>140<\/td>\n<\/tr>\n<tr>\n<td><\/td>\n<td colspan=\"10\">Die Preise sind in Euro (\u20ac) inkl. MwSt.<\/td>\n<\/tr>\n<tr>\n<td><\/td>\n<td colspan=\"10\">Die Preise gelten f\u00fcr 2 Personen inklusive Fr\u00fchst\u00fcck. Es fallen zus\u00e4tzliche Kurtaxen an.<\/td>\n<\/tr>\n<tr>\n<td><\/td>\n<td colspan=\"10\" width=\"1100\">Early Check In (Anreise ab 11:00 Uhr) \/ Late Check Out (Ausfahrt sp\u00e4testens um 15.00 Uhr) : 40\u20ac. Bitte fragen Sie bei der Buchung, je nach Verf\u00fcgbarkeit. Best\u00e4tigung innerhalb von 24 Stunden.<\/td>\n<\/tr>\n<tr>\n<td><\/td>\n<td colspan=\"10\" width=\"1100\">Die Check In erfolgt zwischen 16 und 19 Uhr. Eine versp\u00e4tete Ankunft muss im Voraus best\u00e4tigt werden und kann mit Kosten verbunden sein.<\/td>\n<\/tr>\n<tr>\n<td><\/td>\n<td colspan=\"10\" width=\"1100\">F\u00fcr jede zus\u00e4tzliche Person\u00a0 im Zimmer werden 15\u20ac \/Nacht\/Kind (under 14 ja) oder 25\u20ac \/Nacht\/Erwachs. angerechnet ; Babys und Kinder unter 2 Jahren (zum Zeitpunkt des Aufenthalts) sind unsere G\u00e4ste, aber m\u00fcssen angemeldet werden (sie erhalten einen speziellen Rabatt). Reisebett 5\u20ac\/Nacht.<\/td>\n<\/tr>\n<\/tbody>\n<\/table>\n<\/div>\n\t\t\t\t<\/div>\n\t\t\t\t\t\t\t<div class=\"elementor-accordion-item\">\n\t\t\t\t\t<div id=\"elementor-tab-title-3582\" class=\"elementor-tab-title\" data-tab=\"2\" role=\"button\" aria-controls=\"elementor-tab-content-3582\" aria-expanded=\"false\">\n\t\t\t\t\t\t\t\t\t\t\t\t\t<span class=\"elementor-accordion-icon elementor-accordion-icon-left\" aria-hidden=\"true\">\n\t\t\t\t\t\t\t\t\t\t\t\t\t\t\t<span class=\"elementor-accordion-icon-closed\"><i class=\"far fa-plus-square\"><\/i><\/span>\n\t\t\t\t\t\t\t\t<span class=\"elementor-accordion-icon-opened\"><i class=\"far fa-minus-square\"><\/i><\/span>\n\t\t\t\t\t\t\t\t\t\t\t\t\t\t<\/span>\n\t\t\t\t\t\t\t\t\t\t\t\t<a class=\"elementor-accordion-title\" tabindex=\"0\">Ferienwohnungen Preise<\/a>\n\t\t\t\t\t<\/div>\n\t\t\t\t\t<div id=\"elementor-tab-content-3582\" class=\"elementor-tab-content elementor-clearfix\" data-tab=\"2\" role=\"region\" aria-labelledby=\"elementor-tab-title-3582\"><table width=\"731\">\n<tbody>\n<tr>\n<td width=\"151\">Saison 2026<\/td>\n<td colspan=\"2\" width=\"290\">REST DES JAHRES<br \/>\nvon Freitag 20. March bis Freitag 26. Juni , und von Samstag 05. September bis Sonntag 01. November<\/td>\n<td colspan=\"2\" width=\"290\">HAUPTSAISON<br \/>\nvon Samstag 27. Juni bis Freitag 04. September<\/td>\n<\/tr>\n<tr>\n<td>FE-WO<\/td>\n<td>3 N\u00e4chte<\/td>\n<td>Woche<\/td>\n<td>3 N\u00e4chte<\/td>\n<td>Woche<\/td>\n<\/tr>\n<tr>\n<td>LE VENTOUX<\/td>\n<td>440<\/td>\n<td>880<\/td>\n<td>&#8211;<\/td>\n<td>1280<\/td>\n<\/tr>\n<tr>\n<td>LES ALPILLES<\/td>\n<td>510<\/td>\n<td>1020<\/td>\n<td>&#8211;<\/td>\n<td>1590<\/td>\n<\/tr>\n<tr>\n<td>STUDIO Luberon<\/td>\n<td>360<\/td>\n<td>720<\/td>\n<td>450<\/td>\n<td>920<\/td>\n<\/tr>\n<tr>\n<td><\/td>\n<td colspan=\"4\">Die Preise verstehen sich in Euro, alle Steuern inklusive (inklusiv Kurtaxe).<\/td>\n<\/tr>\n<tr>\n<td><\/td>\n<td colspan=\"4\" width=\"580\">F\u00fcr die Ferienw\u00f6hnungen Le Ventoux und Les Alpilles, Preise gelten bis 4 Personen. F\u00fcr das Studio Luberon, Preise gelten f\u00fcr 2 Personen.<\/td>\n<\/tr>\n<tr>\n<td><\/td>\n<td colspan=\"4\" width=\"580\">F\u00fcr jede zus\u00e4tzliche Person im FE-WO werden 15\u20ac \/Nacht\/Kind (under 14 ja) oder 25\u20ac \/Nacht\/Erwachs. angerechnet ; Babys und Kinder unter 2 Jahren (zum Zeitpunkt des Aufenthalts) sind unsere G\u00e4ste, aber m\u00fcssen angemeldet werden (sie erhalten einen speziellen Rabatt). Reisebett 5\u20ac\/Nacht.<\/td>\n<\/tr>\n<tr>\n<td><\/td>\n<td colspan=\"4\" width=\"580\">Die Preise beinhalten die Bereitstellung von Bettw\u00e4sche, Bad\u00fccher, Tischw\u00e4sche, Tischdecken und ein kleines Set f\u00fcr Geschirr. Wir stellen auch die notwendige Ausr\u00fcstung f\u00fcr Reinigung.<\/td>\n<\/tr>\n<tr>\n<td><\/td>\n<td colspan=\"4\"><\/td>\n<\/tr>\n<tr>\n<td><\/td>\n<td colspan=\"4\" width=\"580\">Early Check In (Anreise ab 11:00 Uhr) \/ Late Check Out (Ausfahrt sp\u00e4testens um 15.00 Uhr) : 40\u20ac. Bitte fragen Sie bei der Buchung, je nach Verf\u00fcgbarkeit. Best\u00e4tigung innerhalb von 24 Stunden.<\/td>\n<\/tr>\n<tr>\n<td><\/td>\n<td colspan=\"4\">Optionen f\u00fcr fr\u00fchen Check-in und sp\u00e4ten Check-out sind nicht verf\u00fcgbar im Hauptsaison.<\/td>\n<\/tr>\n<tr>\n<td><\/td>\n<td colspan=\"4\"><\/td>\n<\/tr>\n<\/tbody>\n<\/table>\n<\/div>\n\t\t\t\t<\/div>\n\t\t\t\t\t\t\t<div class=\"elementor-accordion-item\">\n\t\t\t\t\t<div id=\"elementor-tab-title-3583\" class=\"elementor-tab-title\" data-tab=\"3\" role=\"button\" aria-controls=\"elementor-tab-content-3583\" aria-expanded=\"false\">\n\t\t\t\t\t\t\t\t\t\t\t\t\t<span class=\"elementor-accordion-icon elementor-accordion-icon-left\" aria-hidden=\"true\">\n\t\t\t\t\t\t\t\t\t\t\t\t\t\t\t<span class=\"elementor-accordion-icon-closed\"><i class=\"far fa-plus-square\"><\/i><\/span>\n\t\t\t\t\t\t\t\t<span class=\"elementor-accordion-icon-opened\"><i class=\"far fa-minus-square\"><\/i><\/span>\n\t\t\t\t\t\t\t\t\t\t\t\t\t\t<\/span>\n\t\t\t\t\t\t\t\t\t\t\t\t<a class=\"elementor-accordion-title\" tabindex=\"0\">Servicepreise<\/a>\n\t\t\t\t\t<\/div>\n\t\t\t\t\t<div id=\"elementor-tab-content-3583\" class=\"elementor-tab-content elementor-clearfix\" data-tab=\"3\" role=\"region\" aria-labelledby=\"elementor-tab-title-3583\"><p>Kostenpflichtige Dienstleistungen sind per Definition optional. Sollte eine kostenpflichtige Dienstleistung nicht verf\u00fcgbar sein, besteht kein Anspruch auf R\u00fcckerstattung oder Entsch\u00e4digung. Der Inhaber ist jedoch stets bem\u00fcht, diese Dienstleistungen anzubieten.<\/p>\n<table width=\"557\">\n<tbody>\n<tr>\n<td width=\"256\">Servicepreise 2026<\/td>\n<td colspan=\"3\" width=\"301\"><\/td>\n<\/tr>\n<tr>\n<td>DIENSTLEISTUNGEN<\/td>\n<td colspan=\"3\">Preise in \u20ac TTC<\/td>\n<\/tr>\n<tr>\n<td>Fr\u00fchst\u00fcck<\/td>\n<td colspan=\"3\">15\u20ac \/ Person<\/td>\n<\/tr>\n<tr>\n<td>Abendessen \/ Table d&#8217;h\u00f4tes<\/td>\n<td colspan=\"3\">35\u20ac \/ person<\/td>\n<\/tr>\n<tr>\n<td>Essenstafel<\/td>\n<td><\/td>\n<td>15 \u20ac<\/td>\n<td><\/td>\n<\/tr>\n<tr>\n<td>Zugang zum SPA<\/td>\n<td colspan=\"3\">20\u20ac \/ Paar \/ Sitzung<\/td>\n<\/tr>\n<tr>\n<td width=\"256\">Early Check In (Anreise ab 11:00) \/ Late Check Out (Ausfahrt sp\u00e4testens um 15.00 Uhr)<\/td>\n<td colspan=\"3\">40 \u20ac<\/td>\n<\/tr>\n<tr>\n<td width=\"256\">Babybett<\/td>\n<td><\/td>\n<td>5\u20ac \/ Nacht<\/td>\n<td><\/td>\n<\/tr>\n<tr>\n<td width=\"256\">E-Ladestation<\/td>\n<td colspan=\"3\" width=\"301\">Hybrid 10\u20ac \/ Geb\u00fchr<br \/>\nElektro 20\u20ac \/ Geb\u00fchr<\/td>\n<\/tr>\n<tr>\n<td>Massage (Partnerbetrieb)<\/td>\n<td colspan=\"3\">je nach Dauer und Typ<\/td>\n<\/tr>\n<tr>\n<td>Fahrradverleih (Partnerbetrieb)<\/td>\n<td colspan=\"3\">je nach Dauer und Typ<\/td>\n<\/tr>\n<\/tbody>\n<\/table>\n<\/div>\n\t\t\t\t<\/div>\n\t\t\t\t\t\t\t\t<\/div>\n\t\t\t\t\t\t<\/div>\n\t\t\t\t<\/div>\n\t\t\t\t\t<\/div>\n\t\t<\/div>\n\t\t\t\t\t<\/div>\n\t\t<\/section>\n\t\t\t\t<\/div>\n\t\t","protected":false},"excerpt":{"rendered":"<p>Die unten aufgef\u00fchrten Preise gelten f\u00fcr Direktbuchungen von Aufenthalten in Bed-and-Breakfast-Zimmern und Ferienwohnungen in unserer charmanten Residenz \u201eC\u00f4t\u00e9 Provence\u201c. Direktbuchung bedeutet die Nutzung unseres Buchungssystems (\u00fcber unsere Webseite ON-LINE RESERVIERUNG). Die Preise auf anderen Plattformen sind je nach Saison und [&hellip;]<\/p>\n","protected":false},"author":2,"featured_media":9429,"parent":0,"menu_order":0,"comment_status":"closed","ping_status":"closed","template":"","meta":{"footnotes":""},"class_list":["post-9754","page","type-page","status-publish","has-post-thumbnail","hentry"],"_links":{"self":[{"href":"https:\/\/www.coteprovence.com\/de\/wp-json\/wp\/v2\/pages\/9754","targetHints":{"allow":["GET"]}}],"collection":[{"href":"https:\/\/www.coteprovence.com\/de\/wp-json\/wp\/v2\/pages"}],"about":[{"href":"https:\/\/www.coteprovence.com\/de\/wp-json\/wp\/v2\/types\/page"}],"author":[{"embeddable":true,"href":"https:\/\/www.coteprovence.com\/de\/wp-json\/wp\/v2\/users\/2"}],"replies":[{"embeddable":true,"href":"https:\/\/www.coteprovence.com\/de\/wp-json\/wp\/v2\/comments?post=9754"}],"version-history":[{"count":1,"href":"https:\/\/www.coteprovence.com\/de\/wp-json\/wp\/v2\/pages\/9754\/revisions"}],"predecessor-version":[{"id":9755,"href":"https:\/\/www.coteprovence.com\/de\/wp-json\/wp\/v2\/pages\/9754\/revisions\/9755"}],"wp:featuredmedia":[{"embeddable":true,"href":"https:\/\/www.coteprovence.com\/de\/wp-json\/wp\/v2\/media\/9429"}],"wp:attachment":[{"href":"https:\/\/www.coteprovence.com\/de\/wp-json\/wp\/v2\/media?parent=9754"}],"curies":[{"name":"wp","href":"https:\/\/api.w.org\/{rel}","templated":true}]}}