{"id":6186,"date":"2021-02-02T12:33:40","date_gmt":"2021-02-02T11:33:40","guid":{"rendered":"https:\/\/www.coteprovence.eu\/frequently-asked-questions\/"},"modified":"2024-01-26T11:00:33","modified_gmt":"2024-01-26T10:00:33","slug":"frequently-asked-questions","status":"publish","type":"page","link":"https:\/\/www.coteprovence.com\/en\/frequently-asked-questions\/","title":{"rendered":"Frequently Asked Questions"},"content":{"rendered":"\t\t<div data-elementor-type=\"wp-page\" data-elementor-id=\"6186\" class=\"elementor elementor-6186 elementor-6114\">\n\t\t\t\t\t\t<section class=\"elementor-section elementor-top-section elementor-element elementor-element-245c1105 elementor-section-content-middle elementor-section-boxed elementor-section-height-default elementor-section-height-default\" data-id=\"245c1105\" data-element_type=\"section\" data-settings=\"{&quot;hoteller_ext_is_background_parallax&quot;:&quot;false&quot;,&quot;hoteller_ext_is_background_on_scroll&quot;:&quot;false&quot;}\">\n\t\t\t\t\t\t<div class=\"elementor-container elementor-column-gap-no\">\n\t\t\t\t\t<div class=\"elementor-column elementor-col-100 elementor-top-column elementor-element elementor-element-7bc59b1f\" data-id=\"7bc59b1f\" data-element_type=\"column\" data-settings=\"{&quot;hoteller_ext_link_sidemenu&quot;:&quot;false&quot;,&quot;hoteller_ext_link_fullmenu&quot;:&quot;false&quot;,&quot;hoteller_ext_is_scrollme&quot;:&quot;false&quot;,&quot;hoteller_ext_is_smoove&quot;:&quot;false&quot;,&quot;hoteller_ext_is_parallax_mouse&quot;:&quot;false&quot;,&quot;hoteller_ext_is_infinite&quot;:&quot;false&quot;,&quot;hoteller_ext_is_fadeout_animation&quot;:&quot;false&quot;}\">\n\t\t\t<div class=\"elementor-widget-wrap elementor-element-populated\">\n\t\t\t\t\t\t<div class=\"elementor-element elementor-element-378b4ca5 elementor-widget elementor-widget-heading\" data-id=\"378b4ca5\" data-element_type=\"widget\" data-settings=\"{&quot;hoteller_ext_link_sidemenu&quot;:&quot;false&quot;,&quot;hoteller_ext_link_fullmenu&quot;:&quot;false&quot;,&quot;hoteller_ext_is_scrollme&quot;:&quot;false&quot;,&quot;hoteller_ext_is_smoove&quot;:&quot;false&quot;,&quot;hoteller_ext_is_parallax_mouse&quot;:&quot;false&quot;,&quot;hoteller_ext_is_infinite&quot;:&quot;false&quot;,&quot;hoteller_ext_is_fadeout_animation&quot;:&quot;false&quot;}\" data-widget_type=\"heading.default\">\n\t\t\t\t<div class=\"elementor-widget-container\">\n\t\t\t\t\t<h4 class=\"elementor-heading-title elementor-size-default\">FAQ<\/h4>\t\t\t\t<\/div>\n\t\t\t\t<\/div>\n\t\t\t\t<div class=\"elementor-element elementor-element-3ee3c4e3 elementor-widget elementor-widget-heading\" data-id=\"3ee3c4e3\" data-element_type=\"widget\" data-settings=\"{&quot;hoteller_ext_link_sidemenu&quot;:&quot;false&quot;,&quot;hoteller_ext_link_fullmenu&quot;:&quot;false&quot;,&quot;hoteller_ext_is_scrollme&quot;:&quot;false&quot;,&quot;hoteller_ext_is_smoove&quot;:&quot;false&quot;,&quot;hoteller_ext_is_parallax_mouse&quot;:&quot;false&quot;,&quot;hoteller_ext_is_infinite&quot;:&quot;false&quot;,&quot;hoteller_ext_is_fadeout_animation&quot;:&quot;false&quot;}\" data-widget_type=\"heading.default\">\n\t\t\t\t<div class=\"elementor-widget-container\">\n\t\t\t\t\t<h5 class=\"elementor-heading-title elementor-size-default\">Frequently asked questions and answers<\/h5>\t\t\t\t<\/div>\n\t\t\t\t<\/div>\n\t\t\t\t<div class=\"elementor-element elementor-element-4bad11c5 elementor-widget elementor-widget-toggle\" data-id=\"4bad11c5\" data-element_type=\"widget\" data-settings=\"{&quot;hoteller_ext_link_sidemenu&quot;:&quot;false&quot;,&quot;hoteller_ext_link_fullmenu&quot;:&quot;false&quot;,&quot;hoteller_ext_is_scrollme&quot;:&quot;false&quot;,&quot;hoteller_ext_is_smoove&quot;:&quot;false&quot;,&quot;hoteller_ext_is_parallax_mouse&quot;:&quot;false&quot;,&quot;hoteller_ext_is_infinite&quot;:&quot;false&quot;,&quot;hoteller_ext_is_fadeout_animation&quot;:&quot;false&quot;}\" data-widget_type=\"toggle.default\">\n\t\t\t\t<div class=\"elementor-widget-container\">\n\t\t\t\t\t\t\t<div class=\"elementor-toggle\">\n\t\t\t\t\t\t\t<div class=\"elementor-toggle-item\">\n\t\t\t\t\t<div id=\"elementor-tab-title-1261\" class=\"elementor-tab-title\" data-tab=\"1\" role=\"button\" aria-controls=\"elementor-tab-content-1261\" aria-expanded=\"false\">\n\t\t\t\t\t\t\t\t\t\t\t\t<span class=\"elementor-toggle-icon elementor-toggle-icon-right\" aria-hidden=\"true\">\n\t\t\t\t\t\t\t\t\t\t\t\t\t\t\t<span class=\"elementor-toggle-icon-closed\"><i class=\"fas fa-caret-right\"><\/i><\/span>\n\t\t\t\t\t\t\t\t<span class=\"elementor-toggle-icon-opened\"><i class=\"elementor-toggle-icon-opened fas fa-caret-up\"><\/i><\/span>\n\t\t\t\t\t\t\t\t\t\t\t\t\t<\/span>\n\t\t\t\t\t\t\t\t\t\t\t\t<a class=\"elementor-toggle-title\" tabindex=\"0\">RESERVATION<\/a>\n\t\t\t\t\t<\/div>\n\n\t\t\t\t\t<div id=\"elementor-tab-content-1261\" class=\"elementor-tab-content elementor-clearfix\" data-tab=\"1\" role=\"region\" aria-labelledby=\"elementor-tab-title-1261\"><h6>How can I make my reservation ?<\/h6><p>Through our online booking system, from our <a href=\"https:\/\/www.coteprovence.com\/en\/on-line-booking\/\">BOOK page<\/a>.\u00a0 We ask you to fill in the online form and then pay a deposit of 30% via credit card or Paypal.<\/p><p>\u00a0<\/p><h6>Can I book by telephone or email\u00a0 ?<\/h6><p>NO . For security reasons, we do not take any credit card number by phone or email. For groups, we can establish a quote and provide our IBAN for the payment of the deposit by transfer.<\/p><p>\u00a0<\/p><h6>I have more confidence in Booking.com and or AirBnB. Can I book through one of\u00a0 those ?<\/h6><p>YES. We are present on both platforms.<\/p><div class=\"app-translate-text__content color-text--apple custom-scroll-bar app-translate-text__content_font-size_16\" dir=\"ltr\">Just be aware that :<\/div><div class=\"app-translate-text__content color-text--apple custom-scroll-bar app-translate-text__content_font-size_16\" dir=\"ltr\">1. our system is also secure,<\/div><div class=\"app-translate-text__content color-text--apple custom-scroll-bar app-translate-text__content_font-size_16\" dir=\"ltr\">2. our cancellation policies are generally more flexible (and so are we),<\/div><div class=\"app-translate-text__content color-text--apple custom-scroll-bar app-translate-text__content_font-size_16\" dir=\"ltr\">3. in case of problem with your reservation, there is no point in calling us you must go through the messaging or customer service platform,<\/div><div class=\"app-translate-text__content color-text--apple custom-scroll-bar app-translate-text__content_font-size_16\" dir=\"ltr\">4. you will pay an additional fee related to the platform commission (up to 20% more).<\/div><\/div>\n\t\t\t\t<\/div>\n\t\t\t\t\t\t\t<div class=\"elementor-toggle-item\">\n\t\t\t\t\t<div id=\"elementor-tab-title-1262\" class=\"elementor-tab-title\" data-tab=\"2\" role=\"button\" aria-controls=\"elementor-tab-content-1262\" aria-expanded=\"false\">\n\t\t\t\t\t\t\t\t\t\t\t\t<span class=\"elementor-toggle-icon elementor-toggle-icon-right\" aria-hidden=\"true\">\n\t\t\t\t\t\t\t\t\t\t\t\t\t\t\t<span class=\"elementor-toggle-icon-closed\"><i class=\"fas fa-caret-right\"><\/i><\/span>\n\t\t\t\t\t\t\t\t<span class=\"elementor-toggle-icon-opened\"><i class=\"elementor-toggle-icon-opened fas fa-caret-up\"><\/i><\/span>\n\t\t\t\t\t\t\t\t\t\t\t\t\t<\/span>\n\t\t\t\t\t\t\t\t\t\t\t\t<a class=\"elementor-toggle-title\" tabindex=\"0\">CANCELLATION POLICY<\/a>\n\t\t\t\t\t<\/div>\n\n\t\t\t\t\t<div id=\"elementor-tab-content-1262\" class=\"elementor-tab-content elementor-clearfix\" data-tab=\"2\" role=\"region\" aria-labelledby=\"elementor-tab-title-1262\"><h6><strong>What are the cancellation conditions ?<\/strong><\/h6><p>Main rule is that, for direct booking via our Website, if the cancellation intervenes more than 30 days before the beginning of the stay, the cancellation is at no costs. Please consult our <a href=\"https:\/\/www.coteprovence.eu\/en\/terms-and-conditions\/\">Terms &amp; Conditions<\/a> page.<\/p><\/div>\n\t\t\t\t<\/div>\n\t\t\t\t\t\t\t<div class=\"elementor-toggle-item\">\n\t\t\t\t\t<div id=\"elementor-tab-title-1263\" class=\"elementor-tab-title\" data-tab=\"3\" role=\"button\" aria-controls=\"elementor-tab-content-1263\" aria-expanded=\"false\">\n\t\t\t\t\t\t\t\t\t\t\t\t<span class=\"elementor-toggle-icon elementor-toggle-icon-right\" aria-hidden=\"true\">\n\t\t\t\t\t\t\t\t\t\t\t\t\t\t\t<span class=\"elementor-toggle-icon-closed\"><i class=\"fas fa-caret-right\"><\/i><\/span>\n\t\t\t\t\t\t\t\t<span class=\"elementor-toggle-icon-opened\"><i class=\"elementor-toggle-icon-opened fas fa-caret-up\"><\/i><\/span>\n\t\t\t\t\t\t\t\t\t\t\t\t\t<\/span>\n\t\t\t\t\t\t\t\t\t\t\t\t<a class=\"elementor-toggle-title\" tabindex=\"0\">Means of payment<\/a>\n\t\t\t\t\t<\/div>\n\n\t\t\t\t\t<div id=\"elementor-tab-content-1263\" class=\"elementor-tab-content elementor-clearfix\" data-tab=\"3\" role=\"region\" aria-labelledby=\"elementor-tab-title-1263\"><h6>Do you take vacation checks ?<\/h6><p>NO. The system is too restrictive for a small structure like ours.<\/p><h6>Do you take credit cards ?<\/h6><p>YES. We accept \u00a0all major credit and debit cards. But no American Express.<\/p><h6>Can we pay via PAYPAL ?<\/h6><p>YES. But for questions of fees, we prefer the credit card.<\/p><h6>Do you still accept checks ?<\/h6><p>YES. French bank cheques only. But for practical questions, we prefer payment by credit card.<\/p><\/div>\n\t\t\t\t<\/div>\n\t\t\t\t\t\t\t<div class=\"elementor-toggle-item\">\n\t\t\t\t\t<div id=\"elementor-tab-title-1264\" class=\"elementor-tab-title\" data-tab=\"4\" role=\"button\" aria-controls=\"elementor-tab-content-1264\" aria-expanded=\"false\">\n\t\t\t\t\t\t\t\t\t\t\t\t<span class=\"elementor-toggle-icon elementor-toggle-icon-right\" aria-hidden=\"true\">\n\t\t\t\t\t\t\t\t\t\t\t\t\t\t\t<span class=\"elementor-toggle-icon-closed\"><i class=\"fas fa-caret-right\"><\/i><\/span>\n\t\t\t\t\t\t\t\t<span class=\"elementor-toggle-icon-opened\"><i class=\"elementor-toggle-icon-opened fas fa-caret-up\"><\/i><\/span>\n\t\t\t\t\t\t\t\t\t\t\t\t\t<\/span>\n\t\t\t\t\t\t\t\t\t\t\t\t<a class=\"elementor-toggle-title\" tabindex=\"0\">Check In and Check Out<\/a>\n\t\t\t\t\t<\/div>\n\n\t\t\t\t\t<div id=\"elementor-tab-content-1264\" class=\"elementor-tab-content elementor-clearfix\" data-tab=\"4\" role=\"region\" aria-labelledby=\"elementor-tab-title-1264\"><h6>What are the Check In times ?<\/h6><p>Arrivals for both Rooms and Cottages are from 4pm. And until 7pm.<\/p><p>\u00a0<\/p><h6>I want to have my room sooner or free it later. Is that possible?<\/h6><p>YES. IF and only if you have booked the Early Check In and\/or Late Check Out option.<\/p><p>\u00a0<\/p><h6>I want to arrive earlier without necessarily settling in my room. Is that possible ?<\/h6><p>NO. Unless you have subscribed to the Early Check In option. The simple fact of stopping us to welcome you and give you some instructions delays us to be ready for the arrivals of 16h. We also have to take time off, go shopping for your meals, go to the post office or the doctor,\u00a0 &#8230; for us, for our children &#8230;. Thanks for your understanding.<\/p><p>\u00a0<\/p><h6>My plane lands\/ my train arrives at 10:30 pm in Marseille\/ Avignon, I will be at C\u00f4t\u00e9 Provence at 11:00 pm. Is it possible?<\/h6><p>NO and YES.<\/p><p>After your plane has touched down (if it is not late), you should count between 1h30 and 2h to reach C\u00f4t\u00e9 Provence, the time you collect your luggage (it is longer in the South) and your rental car (it is longer in the South). We advise you to take a first night hotel at the airport.<\/p><p>On arrival at the station (if your train is not late), the time you pick up your rental car (it is longer in the South), you should count 1h &#8211; 1h15 to reach C\u00f4t\u00e9 Provence.<\/p><p>We are a simple Guest House, have no employee(s) 24\/24, also take a few evenings for us as a family &#8230;. We can provide someone to welcome you, but this can entail an additional cost (up to 50 \u20ac, salary + travel). In all cases a late arrival must be scheduled at the reservation. Thank you for your understanding.<\/p><\/div>\n\t\t\t\t<\/div>\n\t\t\t\t\t\t\t<div class=\"elementor-toggle-item\">\n\t\t\t\t\t<div id=\"elementor-tab-title-1265\" class=\"elementor-tab-title\" data-tab=\"5\" role=\"button\" aria-controls=\"elementor-tab-content-1265\" aria-expanded=\"false\">\n\t\t\t\t\t\t\t\t\t\t\t\t<span class=\"elementor-toggle-icon elementor-toggle-icon-right\" aria-hidden=\"true\">\n\t\t\t\t\t\t\t\t\t\t\t\t\t\t\t<span class=\"elementor-toggle-icon-closed\"><i class=\"fas fa-caret-right\"><\/i><\/span>\n\t\t\t\t\t\t\t\t<span class=\"elementor-toggle-icon-opened\"><i class=\"elementor-toggle-icon-opened fas fa-caret-up\"><\/i><\/span>\n\t\t\t\t\t\t\t\t\t\t\t\t\t<\/span>\n\t\t\t\t\t\t\t\t\t\t\t\t<a class=\"elementor-toggle-title\" tabindex=\"0\">SWIMMING POOL<\/a>\n\t\t\t\t\t<\/div>\n\n\t\t\t\t\t<div id=\"elementor-tab-content-1265\" class=\"elementor-tab-content elementor-clearfix\" data-tab=\"5\" role=\"region\" aria-labelledby=\"elementor-tab-title-1265\"><h6 id=\"tw-target-text\" class=\"tw-data-text tw-text-large XcVN5d tw-ta\" dir=\"ltr\" data-placeholder=\"Traduction\"><strong><span lang=\"en\">Is the pool secure ? <\/span><\/strong><\/h6><p class=\"tw-data-text tw-text-large XcVN5d tw-ta\" dir=\"ltr\" data-placeholder=\"Traduction\"><span lang=\"en\">YES. The Pool area is surrounded by barriers with children access security door locks. Bathing is unsupervised.<\/span><\/p><h6 dir=\"ltr\" data-placeholder=\"Traduction\">I have friends renting next door but they don\u2019t have a pool. I can invite them to come and enjoy the one in C\u00f4t\u00e9 Provence ?<\/h6><p>NO. The use of the pool as all the facilities of C\u00f4t\u00e9 Provence is reserved for the residents of C\u00f4t\u00e9 Provence.<\/p><h6 class=\"tw-data-text tw-text-large XcVN5d tw-ta\" dir=\"ltr\" data-placeholder=\"Traduction\"><strong><span lang=\"en\"> Is the swimming pool heated? <\/span><\/strong><\/h6><p class=\"tw-data-text tw-text-large XcVN5d tw-ta\" dir=\"ltr\" data-placeholder=\"Traduction\"><span lang=\"en\">YES and NO. The pool is heated by the generous Sun of Provence only (but shining +280 days per year).\u00a0<\/span><\/p><h6 class=\"tw-data-text tw-text-large XcVN5d tw-ta\" dir=\"ltr\" data-placeholder=\"Traduction\"><strong><span lang=\"en\">Is the swimming pool private? <\/span><\/strong><\/h6><p class=\"tw-data-text tw-text-large XcVN5d tw-ta\" dir=\"ltr\" data-placeholder=\"Traduction\"><span lang=\"en\">NO. It is shared by the B&amp;B guests and those of the Cottages. But the pool area (+500 sqm) and the swimming pool itself (78 sqm) are large enough to keep distances.\u00a0<\/span><\/p><h6 class=\"tw-data-text tw-text-large XcVN5d tw-ta\" dir=\"ltr\" data-placeholder=\"Traduction\">What are are the opening hours ?<\/h6><p>The swimming pool is open from 10am to 8pm.<\/p><h6>When is the pool accessible ?<\/h6><p>The pool is put into service around mid-April and remains in service until mid-October if the weather permits.<\/p><\/div>\n\t\t\t\t<\/div>\n\t\t\t\t\t\t\t<div class=\"elementor-toggle-item\">\n\t\t\t\t\t<div id=\"elementor-tab-title-1266\" class=\"elementor-tab-title\" data-tab=\"6\" role=\"button\" aria-controls=\"elementor-tab-content-1266\" aria-expanded=\"false\">\n\t\t\t\t\t\t\t\t\t\t\t\t<span class=\"elementor-toggle-icon elementor-toggle-icon-right\" aria-hidden=\"true\">\n\t\t\t\t\t\t\t\t\t\t\t\t\t\t\t<span class=\"elementor-toggle-icon-closed\"><i class=\"fas fa-caret-right\"><\/i><\/span>\n\t\t\t\t\t\t\t\t<span class=\"elementor-toggle-icon-opened\"><i class=\"elementor-toggle-icon-opened fas fa-caret-up\"><\/i><\/span>\n\t\t\t\t\t\t\t\t\t\t\t\t\t<\/span>\n\t\t\t\t\t\t\t\t\t\t\t\t<a class=\"elementor-toggle-title\" tabindex=\"0\">WHERE TO EAT ?<\/a>\n\t\t\t\t\t<\/div>\n\n\t\t\t\t\t<div id=\"elementor-tab-content-1266\" class=\"elementor-tab-content elementor-clearfix\" data-tab=\"6\" role=\"region\" aria-labelledby=\"elementor-tab-title-1266\"><h6><strong>Are there Restaurants in the surrounding ?<\/strong><\/h6><p>YES. Please consult our dedicated post\u00a0 &#8220;<a href=\"https:\/\/www.coteprovence.com\/en\/restaurants\/\">Restaurants<\/a>&#8220;.<\/p><h6><strong>Will you serve Dinner when we arrive ?<\/strong><\/h6><p>MAY BE. The Table d&#8217;h\u00f4tes is offered occasionally (depending on the seasons, requests, and the mood of the Chef!). For groups, please inquire at the time of booking. Otherwise we offer mixed boards (charcuterie, cheese, raw vegetables) on request. Accompanied by a fine wine list.<\/p><p>See also below Table d&#8217;h\u00f4tes and Summer Kitchen.<\/p><\/div>\n\t\t\t\t<\/div>\n\t\t\t\t\t\t\t<div class=\"elementor-toggle-item\">\n\t\t\t\t\t<div id=\"elementor-tab-title-1267\" class=\"elementor-tab-title\" data-tab=\"7\" role=\"button\" aria-controls=\"elementor-tab-content-1267\" aria-expanded=\"false\">\n\t\t\t\t\t\t\t\t\t\t\t\t<span class=\"elementor-toggle-icon elementor-toggle-icon-right\" aria-hidden=\"true\">\n\t\t\t\t\t\t\t\t\t\t\t\t\t\t\t<span class=\"elementor-toggle-icon-closed\"><i class=\"fas fa-caret-right\"><\/i><\/span>\n\t\t\t\t\t\t\t\t<span class=\"elementor-toggle-icon-opened\"><i class=\"elementor-toggle-icon-opened fas fa-caret-up\"><\/i><\/span>\n\t\t\t\t\t\t\t\t\t\t\t\t\t<\/span>\n\t\t\t\t\t\t\t\t\t\t\t\t<a class=\"elementor-toggle-title\" tabindex=\"0\">SUMMER KITCHEN<\/a>\n\t\t\t\t\t<\/div>\n\n\t\t\t\t\t<div id=\"elementor-tab-content-1267\" class=\"elementor-tab-content elementor-clearfix\" data-tab=\"7\" role=\"region\" aria-labelledby=\"elementor-tab-title-1267\"><h6 id=\"tw-target-text\" class=\"tw-data-text tw-text-large XcVN5d tw-ta\" dir=\"ltr\" data-placeholder=\"Traduction\"><strong><span lang=\"en\">Is there a kitchen available ? <\/span><\/strong><\/h6><p class=\"tw-data-text tw-text-large XcVN5d tw-ta\" dir=\"ltr\" data-placeholder=\"Traduction\"><span lang=\"en\">YES. A summer kitchen is available to our B&amp;B guests. It is outdoor, equipped with a fridge, microwave, kettle, a small glass-ceramic cook top&#8230;. and tableware. It allows you to prepare light meals. The Cottage have their own fully equipped kitchen and a BBQ. <\/span><\/p><h6 class=\"tw-data-text tw-text-large XcVN5d tw-ta\" dir=\"ltr\" data-placeholder=\"Traduction\"><strong><span lang=\"en\">Are barbecues possible ?<\/span><\/strong><\/h6><p class=\"tw-data-text tw-text-large XcVN5d tw-ta\" dir=\"ltr\" data-placeholder=\"Traduction\"><span lang=\"en\">Only for the Guesthouses \/ Cottages and only at the locations provided for this purpose (and when it is not windy). There are no BBQ facilities for the B&amp;B guests. <\/span><\/p><h6 class=\"tw-data-text tw-text-large XcVN5d tw-ta\" dir=\"ltr\" data-placeholder=\"Traduction\"><strong><span lang=\"en\">Is it possible to use your personal kitchen ? <\/span><\/strong><\/h6><p class=\"tw-data-text tw-text-large XcVN5d tw-ta\" dir=\"ltr\" data-placeholder=\"Traduction\"><span lang=\"en\">NO. Our kitchen (that of our House) remains private. If you want to organize a meal for a Group, we will offer you our Table d&#8217;h\u00f4tes.<\/span><\/p><\/div>\n\t\t\t\t<\/div>\n\t\t\t\t\t\t\t<div class=\"elementor-toggle-item\">\n\t\t\t\t\t<div id=\"elementor-tab-title-1268\" class=\"elementor-tab-title\" data-tab=\"8\" role=\"button\" aria-controls=\"elementor-tab-content-1268\" aria-expanded=\"false\">\n\t\t\t\t\t\t\t\t\t\t\t\t<span class=\"elementor-toggle-icon elementor-toggle-icon-right\" aria-hidden=\"true\">\n\t\t\t\t\t\t\t\t\t\t\t\t\t\t\t<span class=\"elementor-toggle-icon-closed\"><i class=\"fas fa-caret-right\"><\/i><\/span>\n\t\t\t\t\t\t\t\t<span class=\"elementor-toggle-icon-opened\"><i class=\"elementor-toggle-icon-opened fas fa-caret-up\"><\/i><\/span>\n\t\t\t\t\t\t\t\t\t\t\t\t\t<\/span>\n\t\t\t\t\t\t\t\t\t\t\t\t<a class=\"elementor-toggle-title\" tabindex=\"0\">TABLE D'HOTES<\/a>\n\t\t\t\t\t<\/div>\n\n\t\t\t\t\t<div id=\"elementor-tab-content-1268\" class=\"elementor-tab-content elementor-clearfix\" data-tab=\"8\" role=\"region\" aria-labelledby=\"elementor-tab-title-1268\"><h6 id=\"tw-target-text\" class=\"tw-data-text tw-text-large XcVN5d tw-ta\" dir=\"ltr\" data-placeholder=\"Traduction\"><strong><span lang=\"en\">Is the Table d&#8217;h\u00f4tes \/ Dinner offered every evening ? <\/span><\/strong><\/h6><p class=\"tw-data-text tw-text-large XcVN5d tw-ta\" dir=\"ltr\" data-placeholder=\"Traduction\">NO. We offer the Table d&#8217;h\u00f4tes only occasionally (depending on the season, if there are enough requests, and according to the desire of the Chef). We now offer on demand mixed boards (charcuterie, cheese, raw vegetables) accompanied by a beautiful wine list.<\/p><h6 class=\"tw-data-text tw-text-large XcVN5d tw-ta\" dir=\"ltr\" data-placeholder=\"Traduction\"><strong><span lang=\"en\">Are there restaurants near C\u00f4t\u00e9 Provence ? <\/span><\/strong><\/h6><p class=\"tw-data-text tw-text-large XcVN5d tw-ta\" dir=\"ltr\" data-placeholder=\"Traduction\"><span lang=\"en\">YES. See our &#8220;<a href=\"https:\/\/www.coteprovence.com\/en\/category\/dine-wine\/\">Dine &amp; Wine<\/a>&#8221; category, and tag &#8220;Restaurants&#8221;.<\/span><\/p><\/div>\n\t\t\t\t<\/div>\n\t\t\t\t\t\t\t<div class=\"elementor-toggle-item\">\n\t\t\t\t\t<div id=\"elementor-tab-title-1269\" class=\"elementor-tab-title\" data-tab=\"9\" role=\"button\" aria-controls=\"elementor-tab-content-1269\" aria-expanded=\"false\">\n\t\t\t\t\t\t\t\t\t\t\t\t<span class=\"elementor-toggle-icon elementor-toggle-icon-right\" aria-hidden=\"true\">\n\t\t\t\t\t\t\t\t\t\t\t\t\t\t\t<span class=\"elementor-toggle-icon-closed\"><i class=\"fas fa-caret-right\"><\/i><\/span>\n\t\t\t\t\t\t\t\t<span class=\"elementor-toggle-icon-opened\"><i class=\"elementor-toggle-icon-opened fas fa-caret-up\"><\/i><\/span>\n\t\t\t\t\t\t\t\t\t\t\t\t\t<\/span>\n\t\t\t\t\t\t\t\t\t\t\t\t<a class=\"elementor-toggle-title\" tabindex=\"0\">PETS<\/a>\n\t\t\t\t\t<\/div>\n\n\t\t\t\t\t<div id=\"elementor-tab-content-1269\" class=\"elementor-tab-content elementor-clearfix\" data-tab=\"9\" role=\"region\" aria-labelledby=\"elementor-tab-title-1269\"><h6><strong>Can I come with my pet ?<\/strong><\/h6><p>NO. For reasons of hygiene and safety, no pet is authorized.<\/p><\/div>\n\t\t\t\t<\/div>\n\t\t\t\t\t\t\t<div class=\"elementor-toggle-item\">\n\t\t\t\t\t<div id=\"elementor-tab-title-12610\" class=\"elementor-tab-title\" data-tab=\"10\" role=\"button\" aria-controls=\"elementor-tab-content-12610\" aria-expanded=\"false\">\n\t\t\t\t\t\t\t\t\t\t\t\t<span class=\"elementor-toggle-icon elementor-toggle-icon-right\" aria-hidden=\"true\">\n\t\t\t\t\t\t\t\t\t\t\t\t\t\t\t<span class=\"elementor-toggle-icon-closed\"><i class=\"fas fa-caret-right\"><\/i><\/span>\n\t\t\t\t\t\t\t\t<span class=\"elementor-toggle-icon-opened\"><i class=\"elementor-toggle-icon-opened fas fa-caret-up\"><\/i><\/span>\n\t\t\t\t\t\t\t\t\t\t\t\t\t<\/span>\n\t\t\t\t\t\t\t\t\t\t\t\t<a class=\"elementor-toggle-title\" tabindex=\"0\">CAR OR TAXI<\/a>\n\t\t\t\t\t<\/div>\n\n\t\t\t\t\t<div id=\"elementor-tab-content-12610\" class=\"elementor-tab-content elementor-clearfix\" data-tab=\"10\" role=\"region\" aria-labelledby=\"elementor-tab-title-12610\"><h6><strong>Is it better to have his own vehicule to enjoy C\u00f4t\u00e9 Provence ?<\/strong><\/h6><p>YES. If <strong>C\u00f4t\u00e9<\/strong> Provence is not isolated, with villages with all amenities around us, still we are in the countryside. We strongly advice to have a car. Or a bike.<\/p><h6><strong>Can we easily reach C\u00f4t\u00e9 Provence by Taxi ?\u00a0<\/strong><\/h6><p>YES. From Avignon (TGV station).<\/p><p>YES and NO. From Marseille Provence Airport. You&#8217;ll find a taxi for sure but it will cost you much than to rent a car.<\/p><h6><strong> <span id=\"s2_1\">Can I easily order a Taxi from C\u00f4t\u00e9 Provence ?<\/span><\/strong><\/h6><p><span id=\"s2_2\">NO. Our advice is to plan and reserve your taxi&#8217;s trips in advance.\u00a0 <\/span><span id=\"s2_3\">There are few taxis and Ubers around.<\/span>\u00a0<span id=\"s2_4\">And if we will always try to help you find one, we don\u2019t have a concierge service.<\/span><\/p><\/div>\n\t\t\t\t<\/div>\n\t\t\t\t\t\t\t<div class=\"elementor-toggle-item\">\n\t\t\t\t\t<div id=\"elementor-tab-title-12611\" class=\"elementor-tab-title\" data-tab=\"11\" role=\"button\" aria-controls=\"elementor-tab-content-12611\" aria-expanded=\"false\">\n\t\t\t\t\t\t\t\t\t\t\t\t<span class=\"elementor-toggle-icon elementor-toggle-icon-right\" aria-hidden=\"true\">\n\t\t\t\t\t\t\t\t\t\t\t\t\t\t\t<span class=\"elementor-toggle-icon-closed\"><i class=\"fas fa-caret-right\"><\/i><\/span>\n\t\t\t\t\t\t\t\t<span class=\"elementor-toggle-icon-opened\"><i class=\"elementor-toggle-icon-opened fas fa-caret-up\"><\/i><\/span>\n\t\t\t\t\t\t\t\t\t\t\t\t\t<\/span>\n\t\t\t\t\t\t\t\t\t\t\t\t<a class=\"elementor-toggle-title\" tabindex=\"0\">PRIVATE USE OF PREMISES<\/a>\n\t\t\t\t\t<\/div>\n\n\t\t\t\t\t<div id=\"elementor-tab-content-12611\" class=\"elementor-tab-content elementor-clearfix\" data-tab=\"11\" role=\"region\" aria-labelledby=\"elementor-tab-title-12611\"><h6><strong>Can I privatize C\u00f4t\u00e9 Provence ?<\/strong><\/h6><p>YES and NO. You can always book all rooms and\/or cottages to be on your own, and we will be keen on welcoming you and your family or friends, prepare your breakfast (and dinner as an option).<\/p><p>But <strong>C\u00f4t\u00e9<\/strong> Provence remains a Guesthouse (with services) &#8230;. and our House.<\/p><p>It is not possible to invite people from the outside (who would not have accommodation on site).<\/p><\/div>\n\t\t\t\t<\/div>\n\t\t\t\t\t\t\t\t<\/div>\n\t\t\t\t\t\t<\/div>\n\t\t\t\t<\/div>\n\t\t\t\t\t<\/div>\n\t\t<\/div>\n\t\t\t\t\t<\/div>\n\t\t<\/section>\n\t\t\t\t<\/div>\n\t\t","protected":false},"excerpt":{"rendered":"<p>FAQ Frequently asked questions and answers RESERVATION How can I make my reservation ? Through our online booking system, from our BOOK page.\u00a0 We ask you to fill in the online form and then pay a deposit of 30% via [&hellip;]<\/p>\n","protected":false},"author":2,"featured_media":6125,"parent":0,"menu_order":0,"comment_status":"closed","ping_status":"closed","template":"page-r.php","meta":{"footnotes":""},"class_list":["post-6186","page","type-page","status-publish","has-post-thumbnail","hentry"],"_links":{"self":[{"href":"https:\/\/www.coteprovence.com\/en\/wp-json\/wp\/v2\/pages\/6186","targetHints":{"allow":["GET"]}}],"collection":[{"href":"https:\/\/www.coteprovence.com\/en\/wp-json\/wp\/v2\/pages"}],"about":[{"href":"https:\/\/www.coteprovence.com\/en\/wp-json\/wp\/v2\/types\/page"}],"author":[{"embeddable":true,"href":"https:\/\/www.coteprovence.com\/en\/wp-json\/wp\/v2\/users\/2"}],"replies":[{"embeddable":true,"href":"https:\/\/www.coteprovence.com\/en\/wp-json\/wp\/v2\/comments?post=6186"}],"version-history":[{"count":10,"href":"https:\/\/www.coteprovence.com\/en\/wp-json\/wp\/v2\/pages\/6186\/revisions"}],"predecessor-version":[{"id":9217,"href":"https:\/\/www.coteprovence.com\/en\/wp-json\/wp\/v2\/pages\/6186\/revisions\/9217"}],"wp:featuredmedia":[{"embeddable":true,"href":"https:\/\/www.coteprovence.com\/en\/wp-json\/wp\/v2\/media\/6125"}],"wp:attachment":[{"href":"https:\/\/www.coteprovence.com\/en\/wp-json\/wp\/v2\/media?parent=6186"}],"curies":[{"name":"wp","href":"https:\/\/api.w.org\/{rel}","templated":true}]}}